{"id":18,"date":"2026-04-20T12:56:18","date_gmt":"2026-04-20T12:56:18","guid":{"rendered":"http:\/\/swelzor.site\/?page_id=18"},"modified":"2026-04-20T12:56:20","modified_gmt":"2026-04-20T12:56:20","slug":"oenologia-el-archivo-liquido","status":"publish","type":"page","link":"https:\/\/swelzor.site\/?page_id=18","title":{"rendered":"Oenolog\u00eda: El Archivo L\u00edquido"},"content":{"rendered":"\n<p>La bodega de <strong>swelzor<\/strong> es una extensi\u00f3n de la llanura. Nuestros cinco expertos han curado una selecci\u00f3n que se aleja de las etiquetas comerciales para centrarse en los &#8220;vinos de autor&#8221; y las peque\u00f1as producciones que capturan la mineralidad del suelo de \u00c9vora.<\/p>\n\n\n\n<figure class=\"wp-block-image size-large\"><img loading=\"lazy\" decoding=\"async\" width=\"1024\" height=\"576\" src=\"http:\/\/swelzor.site\/wp-content\/uploads\/2026\/04\/o4sH594cb9N-1024x576.jpg\" alt=\"\" class=\"wp-image-19\" srcset=\"https:\/\/swelzor.site\/wp-content\/uploads\/2026\/04\/o4sH594cb9N-1024x576.jpg 1024w, https:\/\/swelzor.site\/wp-content\/uploads\/2026\/04\/o4sH594cb9N-300x169.jpg 300w, https:\/\/swelzor.site\/wp-content\/uploads\/2026\/04\/o4sH594cb9N-768x432.jpg 768w, https:\/\/swelzor.site\/wp-content\/uploads\/2026\/04\/o4sH594cb9N.jpg 1200w\" sizes=\"auto, (max-width: 1024px) 100vw, 1024px\" \/><\/figure>\n\n\n\n<h3 class=\"wp-block-heading\">Gesti\u00f3n de la Cava en swelzor<\/h3>\n\n\n\n<p>No nos limitamos a servir vino; gestionamos un archivo vivo. Cada botella es monitorizada en cuanto a humedad y temperatura para asegurar que la evoluci\u00f3n del corcho sea perfecta.<\/p>\n\n\n\n<ol start=\"1\" class=\"wp-block-list\">\n<li><strong>Vinos de Tinaja (Talha):<\/strong> Recuperamos la tradici\u00f3n romana de fermentar en barro, ofreciendo vinos con una honestidad brutal y sin filtrar.<\/li>\n\n\n\n<li><strong>Maridajes Moleculares:<\/strong> Analizamos los componentes vol\u00e1tiles de nuestros platos para encontrar vinos que compartan la misma estructura qu\u00edmica, logrando una armon\u00eda perfecta.<\/li>\n\n\n\n<li><strong>Servicio de Sommelier Personalizado:<\/strong> Cada descorche en la R. do Segeiro es un ritual de oxigenaci\u00f3n y temperatura controlada.<\/li>\n<\/ol>\n","protected":false},"excerpt":{"rendered":"<p>La bodega de swelzor es una extensi\u00f3n de la llanura. Nuestros cinco expertos han curado una selecci\u00f3n que se aleja de las etiquetas comerciales para centrarse en los &#8220;vinos de autor&#8221; y las peque\u00f1as producciones que capturan la mineralidad del suelo de \u00c9vora. Gesti\u00f3n de la Cava en swelzor No nos limitamos a servir vino; [&hellip;]<\/p>\n","protected":false},"author":1,"featured_media":0,"parent":0,"menu_order":3,"comment_status":"closed","ping_status":"closed","template":"","meta":{"footnotes":""},"class_list":["post-18","page","type-page","status-publish","hentry"],"_links":{"self":[{"href":"https:\/\/swelzor.site\/index.php?rest_route=\/wp\/v2\/pages\/18","targetHints":{"allow":["GET"]}}],"collection":[{"href":"https:\/\/swelzor.site\/index.php?rest_route=\/wp\/v2\/pages"}],"about":[{"href":"https:\/\/swelzor.site\/index.php?rest_route=\/wp\/v2\/types\/page"}],"author":[{"embeddable":true,"href":"https:\/\/swelzor.site\/index.php?rest_route=\/wp\/v2\/users\/1"}],"replies":[{"embeddable":true,"href":"https:\/\/swelzor.site\/index.php?rest_route=%2Fwp%2Fv2%2Fcomments&post=18"}],"version-history":[{"count":1,"href":"https:\/\/swelzor.site\/index.php?rest_route=\/wp\/v2\/pages\/18\/revisions"}],"predecessor-version":[{"id":20,"href":"https:\/\/swelzor.site\/index.php?rest_route=\/wp\/v2\/pages\/18\/revisions\/20"}],"wp:attachment":[{"href":"https:\/\/swelzor.site\/index.php?rest_route=%2Fwp%2Fv2%2Fmedia&parent=18"}],"curies":[{"name":"wp","href":"https:\/\/api.w.org\/{rel}","templated":true}]}}